{"id":3465,"date":"2022-02-17T18:50:36","date_gmt":"2022-02-17T18:50:36","guid":{"rendered":"https:\/\/www.nachtsam.info\/impressum\/"},"modified":"2022-02-17T18:53:42","modified_gmt":"2022-02-17T18:53:42","slug":"imprint","status":"publish","type":"page","link":"https:\/\/www.nachtsam.info\/en\/imprint\/","title":{"rendered":"Imprint"},"content":{"rendered":"\t\t<div data-elementor-type=\"wp-page\" data-elementor-id=\"3465\" class=\"elementor elementor-3465 elementor-1714\" data-elementor-post-type=\"page\">\n\t\t\t\t\t\t<section data-particle_enable=\"false\" data-particle-mobile-disabled=\"false\" class=\"elementor-section elementor-top-section elementor-element elementor-element-4fa804b elementor-section-boxed elementor-section-height-default elementor-section-height-default\" data-id=\"4fa804b\" data-element_type=\"section\" data-e-type=\"section\" data-settings=\"{&quot;background_background&quot;:&quot;classic&quot;}\">\n\t\t\t\t\t\t<div class=\"elementor-container elementor-column-gap-no\">\n\t\t\t\t\t<div class=\"elementor-column elementor-col-100 elementor-top-column elementor-element elementor-element-f98c603\" data-id=\"f98c603\" data-element_type=\"column\" data-e-type=\"column\">\n\t\t\t<div class=\"elementor-widget-wrap elementor-element-populated\">\n\t\t\t\t\t\t<div class=\"elementor-element elementor-element-4d5249f elementor-widget-divider--view-line_text elementor-widget-divider--element-align-right elementor-widget elementor-widget-divider\" data-id=\"4d5249f\" data-element_type=\"widget\" data-e-type=\"widget\" data-widget_type=\"divider.default\">\n\t\t\t\t<div class=\"elementor-widget-container\">\n\t\t\t\t\t\t\t<div class=\"elementor-divider\">\n\t\t\t<span class=\"elementor-divider-separator\">\n\t\t\t\t\t\t\t<span class=\"elementor-divider__text elementor-divider__element\">\n\t\t\t\tnachtsam. Mit Sicherheit besser feiern\t\t\t\t<\/span>\n\t\t\t\t\t\t<\/span>\n\t\t<\/div>\n\t\t\t\t\t\t<\/div>\n\t\t\t\t<\/div>\n\t\t\t\t<div class=\"elementor-element elementor-element-591c43d elementor-widget elementor-widget-heading\" data-id=\"591c43d\" data-element_type=\"widget\" data-e-type=\"widget\" data-widget_type=\"heading.default\">\n\t\t\t\t<div class=\"elementor-widget-container\">\n\t\t\t\t\t<h1 class=\"elementor-heading-title elementor-size-default\">Impressum<\/h1>\t\t\t\t<\/div>\n\t\t\t\t<\/div>\n\t\t\t\t\t<\/div>\n\t\t<\/div>\n\t\t\t\t\t<\/div>\n\t\t<\/section>\n\t\t\t\t<section data-particle_enable=\"false\" data-particle-mobile-disabled=\"false\" class=\"elementor-section elementor-top-section elementor-element elementor-element-219891ac elementor-section-boxed elementor-section-height-default elementor-section-height-default\" data-id=\"219891ac\" data-element_type=\"section\" data-e-type=\"section\">\n\t\t\t\t\t\t<div class=\"elementor-container elementor-column-gap-default\">\n\t\t\t\t\t<div class=\"elementor-column elementor-col-100 elementor-top-column elementor-element elementor-element-740eef79\" data-id=\"740eef79\" data-element_type=\"column\" data-e-type=\"column\">\n\t\t\t<div class=\"elementor-widget-wrap elementor-element-populated\">\n\t\t\t\t\t\t<div class=\"elementor-element elementor-element-2db12561 elementor-widget elementor-widget-text-editor\" data-id=\"2db12561\" data-element_type=\"widget\" data-e-type=\"widget\" data-widget_type=\"text-editor.default\">\n\t\t\t\t<div class=\"elementor-widget-container\">\n\t\t\t\t\t\t\t\t\t<p><\/p>\n<p>Verantwortlich im Sinne der Inhalte<\/p>\n<p><strong>Frauenhorizonte \u2013 gegen sexuelle Gewalt e.V.<\/strong><\/p>\n<p>Anlauf- und Fachberatungsstelle<br \/>Frauenhorizonte \u2013 gegen sexuelle Gewalt e.V.<br \/>Basler Stra\u00dfe 8, 79100 Freiburg im Breisgau<\/p>\n<p>Telefon: +49 761\/ 2 85 85 85<br \/>Telefax: +49 761\/ 292 27 26<\/p>\n<p>E-Mail: info@frauenhorizonte.de<br \/>Internet: <a href=\"https:\/\/www.frauenhorizonte.de\/\" target=\"_blank\" rel=\"noopener\">www.frauenhorizonte.de<\/a><\/p>\n<p><strong>Vertretungsberechtigter Vorstand:<\/strong><br \/>Inge Tritz (Vorsitzende), Gerlinde Birmelin, Angelika H\u00e4gele, Katja Ravat.<br \/>Der Vorstand ist \u00fcber die oben genannte Postadresse zu erreichen.<\/p>\n<p><strong>Registergericht:<\/strong><br \/>Der Verein Frauenhorizonte \u2013 gegen sexuelle Gewalt e.V. ist beim Amtsgericht Freiburg unter der Vereinsregisternummer VR 2254 registriert.<\/p>\n<p><strong>Koordinierungsstelle Sicherheit im Nachtleben Baden-W\u00fcrttemberg<\/strong><br \/>Schwimmbadstr. 2, 79100 Freiburg im Breisgau<br \/>www.nachtsam.info<br \/>Mail: koordinierungsstelle-bw@nachtsam.info<br \/>Telefon: 0157 805 908 82<\/p>\n<p><strong>Konzeption, Entwicklung und Gestaltung in Zusammenarbeit mit:<\/strong><br \/>Agentur f\u00fcr zeitgem\u00e4\u00dfe Kommunikation, Kaner Thompson GbR<br \/><a href=\"http:\/\/www.kanerthompson.de\" target=\"_blank\" rel=\"noopener\">www.kanerthompson.de<\/a><\/p>\n<p><\/p>\n\t\t\t\t\t\t\t\t<\/div>\n\t\t\t\t<\/div>\n\t\t\t\t\t<\/div>\n\t\t<\/div>\n\t\t\t\t\t<\/div>\n\t\t<\/section>\n\t\t\t\t<\/div>\n\t\t","protected":false},"excerpt":{"rendered":"<p>nachtsam. Mit Sicherheit besser feiern Impressum Verantwortlich im Sinne der Inhalte Frauenhorizonte \u2013 gegen sexuelle Gewalt e.V. Anlauf- und FachberatungsstelleFrauenhorizonte \u2013 gegen sexuelle Gewalt e.V.Basler Stra\u00dfe 8, 79100 Freiburg im Breisgau Telefon: +49 761\/ 2 85 85 85Telefax: +49 761\/ 292 27 26 E-Mail: info@frauenhorizonte.deInternet: www.frauenhorizonte.de Vertretungsberechtigter Vorstand:Inge Tritz (Vorsitzende), Gerlinde Birmelin, Angelika H\u00e4gele, Katja [&hellip;]<\/p>\n","protected":false},"author":1,"featured_media":0,"parent":0,"menu_order":210,"comment_status":"closed","ping_status":"closed","template":"","meta":{"site-sidebar-layout":"default","site-content-layout":"default","ast-site-content-layout":"default","site-content-style":"default","site-sidebar-style":"default","ast-global-header-display":"","ast-banner-title-visibility":"","ast-main-header-display":"","ast-hfb-above-header-display":"","ast-hfb-below-header-display":"","ast-hfb-mobile-header-display":"","site-post-title":"disabled","ast-breadcrumbs-content":"","ast-featured-img":"disabled","footer-sml-layout":"","ast-disable-related-posts":"","theme-transparent-header-meta":"default","adv-header-id-meta":"","stick-header-meta":"default","header-above-stick-meta":"","header-main-stick-meta":"","header-below-stick-meta":"","astra-migrate-meta-layouts":"default","ast-page-background-enabled":"default","ast-page-background-meta":{"desktop":{"background-color":"","background-image":"","background-repeat":"repeat","background-position":"center center","background-size":"auto","background-attachment":"scroll","background-type":"","background-media":"","overlay-type":"","overlay-color":"","overlay-opacity":"","overlay-gradient":""},"tablet":{"background-color":"","background-image":"","background-repeat":"repeat","background-position":"center center","background-size":"auto","background-attachment":"scroll","background-type":"","background-media":"","overlay-type":"","overlay-color":"","overlay-opacity":"","overlay-gradient":""},"mobile":{"background-color":"","background-image":"","background-repeat":"repeat","background-position":"center center","background-size":"auto","background-attachment":"scroll","background-type":"","background-media":"","overlay-type":"","overlay-color":"","overlay-opacity":"","overlay-gradient":""}},"ast-content-background-meta":{"desktop":{"background-color":"var(--ast-global-color-5)","background-image":"","background-repeat":"repeat","background-position":"center center","background-size":"auto","background-attachment":"scroll","background-type":"","background-media":"","overlay-type":"","overlay-color":"","overlay-opacity":"","overlay-gradient":""},"tablet":{"background-color":"var(--ast-global-color-5)","background-image":"","background-repeat":"repeat","background-position":"center center","background-size":"auto","background-attachment":"scroll","background-type":"","background-media":"","overlay-type":"","overlay-color":"","overlay-opacity":"","overlay-gradient":""},"mobile":{"background-color":"var(--ast-global-color-5)","background-image":"","background-repeat":"repeat","background-position":"center center","background-size":"auto","background-attachment":"scroll","background-type":"","background-media":"","overlay-type":"","overlay-color":"","overlay-opacity":"","overlay-gradient":""}},"footnotes":""},"class_list":["post-3465","page","type-page","status-publish","hentry"],"yoast_head":"<!-- This site is optimized with the Yoast SEO plugin v27.4 - https:\/\/yoast.com\/product\/yoast-seo-wordpress\/ -->\n<title>Imprint - nachtsam<\/title>\n<meta name=\"robots\" content=\"index, follow, max-snippet:-1, max-image-preview:large, max-video-preview:-1\" \/>\n<link rel=\"canonical\" href=\"https:\/\/www.nachtsam.info\/en\/imprint\/\" \/>\n<meta property=\"og:locale\" content=\"en_US\" \/>\n<meta property=\"og:type\" content=\"article\" \/>\n<meta property=\"og:title\" content=\"Imprint - nachtsam\" \/>\n<meta property=\"og:description\" content=\"nachtsam. Mit Sicherheit besser feiern Impressum Verantwortlich im Sinne der Inhalte Frauenhorizonte \u2013 gegen sexuelle Gewalt e.V. Anlauf- und FachberatungsstelleFrauenhorizonte \u2013 gegen sexuelle Gewalt e.V.Basler Stra\u00dfe 8, 79100 Freiburg im Breisgau Telefon: +49 761\/ 2 85 85 85Telefax: +49 761\/ 292 27 26 E-Mail: info@frauenhorizonte.deInternet: www.frauenhorizonte.de Vertretungsberechtigter Vorstand:Inge Tritz (Vorsitzende), Gerlinde Birmelin, Angelika H\u00e4gele, Katja [&hellip;]\" \/>\n<meta property=\"og:url\" content=\"https:\/\/www.nachtsam.info\/en\/imprint\/\" \/>\n<meta property=\"og:site_name\" content=\"nachtsam\" \/>\n<meta property=\"article:publisher\" content=\"https:\/\/www.facebook.com\/nachtsam.info\" \/>\n<meta property=\"article:modified_time\" content=\"2022-02-17T18:53:42+00:00\" \/>\n<meta name=\"twitter:card\" content=\"summary_large_image\" \/>\n<meta name=\"twitter:label1\" content=\"Est. reading time\" \/>\n\t<meta name=\"twitter:data1\" content=\"1 minute\" \/>\n<script type=\"application\/ld+json\" class=\"yoast-schema-graph\">{\"@context\":\"https:\\\/\\\/schema.org\",\"@graph\":[{\"@type\":\"WebPage\",\"@id\":\"https:\\\/\\\/www.nachtsam.info\\\/en\\\/imprint\\\/\",\"url\":\"https:\\\/\\\/www.nachtsam.info\\\/en\\\/imprint\\\/\",\"name\":\"Imprint - nachtsam\",\"isPartOf\":{\"@id\":\"https:\\\/\\\/www.nachtsam.info\\\/en\\\/#website\"},\"datePublished\":\"2022-02-17T18:50:36+00:00\",\"dateModified\":\"2022-02-17T18:53:42+00:00\",\"breadcrumb\":{\"@id\":\"https:\\\/\\\/www.nachtsam.info\\\/en\\\/imprint\\\/#breadcrumb\"},\"inLanguage\":\"en-US\",\"potentialAction\":[{\"@type\":\"ReadAction\",\"target\":[\"https:\\\/\\\/www.nachtsam.info\\\/en\\\/imprint\\\/\"]}]},{\"@type\":\"BreadcrumbList\",\"@id\":\"https:\\\/\\\/www.nachtsam.info\\\/en\\\/imprint\\\/#breadcrumb\",\"itemListElement\":[{\"@type\":\"ListItem\",\"position\":1,\"name\":\"Startseite\",\"item\":\"https:\\\/\\\/www.nachtsam.info\\\/en\\\/\"},{\"@type\":\"ListItem\",\"position\":2,\"name\":\"Imprint\"}]},{\"@type\":\"WebSite\",\"@id\":\"https:\\\/\\\/www.nachtsam.info\\\/en\\\/#website\",\"url\":\"https:\\\/\\\/www.nachtsam.info\\\/en\\\/\",\"name\":\"nachtsam\",\"description\":\"Mit Sicherheit besser feiern.\",\"publisher\":{\"@id\":\"https:\\\/\\\/www.nachtsam.info\\\/en\\\/#organization\"},\"potentialAction\":[{\"@type\":\"SearchAction\",\"target\":{\"@type\":\"EntryPoint\",\"urlTemplate\":\"https:\\\/\\\/www.nachtsam.info\\\/en\\\/?s={search_term_string}\"},\"query-input\":{\"@type\":\"PropertyValueSpecification\",\"valueRequired\":true,\"valueName\":\"search_term_string\"}}],\"inLanguage\":\"en-US\"},{\"@type\":\"Organization\",\"@id\":\"https:\\\/\\\/www.nachtsam.info\\\/en\\\/#organization\",\"name\":\"nachtsam\",\"url\":\"https:\\\/\\\/www.nachtsam.info\\\/en\\\/\",\"logo\":{\"@type\":\"ImageObject\",\"inLanguage\":\"en-US\",\"@id\":\"https:\\\/\\\/www.nachtsam.info\\\/en\\\/#\\\/schema\\\/logo\\\/image\\\/\",\"url\":\"https:\\\/\\\/www.nachtsam.info\\\/wp-content\\\/uploads\\\/2021\\\/07\\\/nachtsam_Logo_schwarz-500.png\",\"contentUrl\":\"https:\\\/\\\/www.nachtsam.info\\\/wp-content\\\/uploads\\\/2021\\\/07\\\/nachtsam_Logo_schwarz-500.png\",\"width\":500,\"height\":153,\"caption\":\"nachtsam\"},\"image\":{\"@id\":\"https:\\\/\\\/www.nachtsam.info\\\/en\\\/#\\\/schema\\\/logo\\\/image\\\/\"},\"sameAs\":[\"https:\\\/\\\/www.facebook.com\\\/nachtsam.info\",\"https:\\\/\\\/www.instagram.com\\\/nachtsam.info\",\"https:\\\/\\\/www.youtube.com\\\/channel\\\/UCtfiieHS_Sry6S5KeQqQ0Xg\"]}]}<\/script>\n<!-- \/ Yoast SEO plugin. -->","yoast_head_json":{"title":"Imprint - nachtsam","robots":{"index":"index","follow":"follow","max-snippet":"max-snippet:-1","max-image-preview":"max-image-preview:large","max-video-preview":"max-video-preview:-1"},"canonical":"https:\/\/www.nachtsam.info\/en\/imprint\/","og_locale":"en_US","og_type":"article","og_title":"Imprint - nachtsam","og_description":"nachtsam. Mit Sicherheit besser feiern Impressum Verantwortlich im Sinne der Inhalte Frauenhorizonte \u2013 gegen sexuelle Gewalt e.V. Anlauf- und FachberatungsstelleFrauenhorizonte \u2013 gegen sexuelle Gewalt e.V.Basler Stra\u00dfe 8, 79100 Freiburg im Breisgau Telefon: +49 761\/ 2 85 85 85Telefax: +49 761\/ 292 27 26 E-Mail: info@frauenhorizonte.deInternet: www.frauenhorizonte.de Vertretungsberechtigter Vorstand:Inge Tritz (Vorsitzende), Gerlinde Birmelin, Angelika H\u00e4gele, Katja [&hellip;]","og_url":"https:\/\/www.nachtsam.info\/en\/imprint\/","og_site_name":"nachtsam","article_publisher":"https:\/\/www.facebook.com\/nachtsam.info","article_modified_time":"2022-02-17T18:53:42+00:00","twitter_card":"summary_large_image","twitter_misc":{"Est. reading time":"1 minute"},"schema":{"@context":"https:\/\/schema.org","@graph":[{"@type":"WebPage","@id":"https:\/\/www.nachtsam.info\/en\/imprint\/","url":"https:\/\/www.nachtsam.info\/en\/imprint\/","name":"Imprint - nachtsam","isPartOf":{"@id":"https:\/\/www.nachtsam.info\/en\/#website"},"datePublished":"2022-02-17T18:50:36+00:00","dateModified":"2022-02-17T18:53:42+00:00","breadcrumb":{"@id":"https:\/\/www.nachtsam.info\/en\/imprint\/#breadcrumb"},"inLanguage":"en-US","potentialAction":[{"@type":"ReadAction","target":["https:\/\/www.nachtsam.info\/en\/imprint\/"]}]},{"@type":"BreadcrumbList","@id":"https:\/\/www.nachtsam.info\/en\/imprint\/#breadcrumb","itemListElement":[{"@type":"ListItem","position":1,"name":"Startseite","item":"https:\/\/www.nachtsam.info\/en\/"},{"@type":"ListItem","position":2,"name":"Imprint"}]},{"@type":"WebSite","@id":"https:\/\/www.nachtsam.info\/en\/#website","url":"https:\/\/www.nachtsam.info\/en\/","name":"nachtsam","description":"Mit Sicherheit besser feiern.","publisher":{"@id":"https:\/\/www.nachtsam.info\/en\/#organization"},"potentialAction":[{"@type":"SearchAction","target":{"@type":"EntryPoint","urlTemplate":"https:\/\/www.nachtsam.info\/en\/?s={search_term_string}"},"query-input":{"@type":"PropertyValueSpecification","valueRequired":true,"valueName":"search_term_string"}}],"inLanguage":"en-US"},{"@type":"Organization","@id":"https:\/\/www.nachtsam.info\/en\/#organization","name":"nachtsam","url":"https:\/\/www.nachtsam.info\/en\/","logo":{"@type":"ImageObject","inLanguage":"en-US","@id":"https:\/\/www.nachtsam.info\/en\/#\/schema\/logo\/image\/","url":"https:\/\/www.nachtsam.info\/wp-content\/uploads\/2021\/07\/nachtsam_Logo_schwarz-500.png","contentUrl":"https:\/\/www.nachtsam.info\/wp-content\/uploads\/2021\/07\/nachtsam_Logo_schwarz-500.png","width":500,"height":153,"caption":"nachtsam"},"image":{"@id":"https:\/\/www.nachtsam.info\/en\/#\/schema\/logo\/image\/"},"sameAs":["https:\/\/www.facebook.com\/nachtsam.info","https:\/\/www.instagram.com\/nachtsam.info","https:\/\/www.youtube.com\/channel\/UCtfiieHS_Sry6S5KeQqQ0Xg"]}]}},"_links":{"self":[{"href":"https:\/\/www.nachtsam.info\/en\/wp-json\/wp\/v2\/pages\/3465","targetHints":{"allow":["GET"]}}],"collection":[{"href":"https:\/\/www.nachtsam.info\/en\/wp-json\/wp\/v2\/pages"}],"about":[{"href":"https:\/\/www.nachtsam.info\/en\/wp-json\/wp\/v2\/types\/page"}],"author":[{"embeddable":true,"href":"https:\/\/www.nachtsam.info\/en\/wp-json\/wp\/v2\/users\/1"}],"replies":[{"embeddable":true,"href":"https:\/\/www.nachtsam.info\/en\/wp-json\/wp\/v2\/comments?post=3465"}],"version-history":[{"count":4,"href":"https:\/\/www.nachtsam.info\/en\/wp-json\/wp\/v2\/pages\/3465\/revisions"}],"predecessor-version":[{"id":3472,"href":"https:\/\/www.nachtsam.info\/en\/wp-json\/wp\/v2\/pages\/3465\/revisions\/3472"}],"wp:attachment":[{"href":"https:\/\/www.nachtsam.info\/en\/wp-json\/wp\/v2\/media?parent=3465"}],"curies":[{"name":"wp","href":"https:\/\/api.w.org\/{rel}","templated":true}]}}